{"id":28,"date":"2024-04-11T16:50:31","date_gmt":"2024-04-11T16:50:31","guid":{"rendered":"https:\/\/forestgreen-fly-259585.hostingersite.com\/?page_id=28"},"modified":"2024-05-20T19:52:38","modified_gmt":"2024-05-20T19:52:38","slug":"analisis-de-fallas","status":"publish","type":"page","link":"https:\/\/mepandco.com.ar\/en\/analisis-de-fallas\/","title":{"rendered":"Failure analysis"},"content":{"rendered":"<div data-elementor-type=\"wp-page\" data-elementor-id=\"28\" class=\"elementor elementor-28\">\n\t\t\t\t\t\t<section class=\"elementor-section elementor-top-section elementor-element elementor-element-0719d4d elementor-section-height-min-height elementor-section-boxed elementor-section-height-default elementor-section-items-middle\" data-id=\"0719d4d\" data-element_type=\"section\" data-e-type=\"section\" data-settings=\"{&quot;background_background&quot;:&quot;classic&quot;}\">\n\t\t\t\t\t\t<div class=\"elementor-container elementor-column-gap-default\">\n\t\t\t\t\t<div class=\"elementor-column elementor-col-100 elementor-top-column elementor-element elementor-element-f33fdd1\" data-id=\"f33fdd1\" data-element_type=\"column\" data-e-type=\"column\" data-settings=\"{&quot;background_background&quot;:&quot;classic&quot;}\">\n\t\t\t<div class=\"elementor-widget-wrap elementor-element-populated\">\n\t\t\t\t\t\t<div class=\"elementor-element elementor-element-029399e elementor-widget elementor-widget-shortcode\" data-id=\"029399e\" data-element_type=\"widget\" data-e-type=\"widget\" data-widget_type=\"shortcode.default\">\n\t\t\t\t<div class=\"elementor-widget-container\">\n\t\t\t\t\t\t\t<div class=\"elementor-shortcode\"><\/div>\n\t\t\t\t\t\t<\/div>\n\t\t\t\t<\/div>\n\t\t\t\t\t<\/div>\n\t\t<\/div>\n\t\t\t\t\t<\/div>\n\t\t<\/section>\n\t\t\t\t<section class=\"elementor-section elementor-top-section elementor-element elementor-element-5f1c81db elementor-section-boxed elementor-section-height-default elementor-section-height-default\" data-id=\"5f1c81db\" data-element_type=\"section\" data-e-type=\"section\">\n\t\t\t\t\t\t<div class=\"elementor-container elementor-column-gap-default\">\n\t\t\t\t\t<div class=\"elementor-column elementor-col-100 elementor-top-column elementor-element elementor-element-7340e6d5\" data-id=\"7340e6d5\" data-element_type=\"column\" data-e-type=\"column\">\n\t\t\t<div class=\"elementor-widget-wrap elementor-element-populated\">\n\t\t\t\t\t\t<div class=\"elementor-element elementor-element-476d53c4 elementor-widget elementor-widget-spacer\" data-id=\"476d53c4\" data-element_type=\"widget\" data-e-type=\"widget\" data-widget_type=\"spacer.default\">\n\t\t\t\t<div class=\"elementor-widget-container\">\n\t\t\t\t\t\t\t<div class=\"elementor-spacer\">\n\t\t\t<div class=\"elementor-spacer-inner\"><\/div>\n\t\t<\/div>\n\t\t\t\t\t\t<\/div>\n\t\t\t\t<\/div>\n\t\t\t\t<div class=\"elementor-element elementor-element-330900aa premium-blog-align-left premium-blog-align-left elementor-widget elementor-widget-premium-addon-blog\" data-id=\"330900aa\" data-element_type=\"widget\" data-e-type=\"widget\" data-settings=\"{&quot;force_height&quot;:&quot;true&quot;,&quot;premium_blog_grid&quot;:&quot;yes&quot;,&quot;premium_blog_layout&quot;:&quot;even&quot;,&quot;premium_blog_columns_number&quot;:&quot;50%&quot;,&quot;premium_blog_columns_number_tablet&quot;:&quot;50%&quot;,&quot;premium_blog_columns_number_mobile&quot;:&quot;100%&quot;}\" data-widget_type=\"premium-addon-blog.default\">\n\t\t\t\t<div class=\"elementor-widget-container\">\n\t\t\t\t\t\n\t\t\n\n\t\t\t\t<div class=\"premium-blog-wrap  premium-blog-even\" data-page=\"28\">\n\t\t\t\t\t\t\t\t\t<div class=\"premium-blog-post-outer-container\" data-total=\"1\">\n\t\t\t<div class=\"premium-blog-post-container premium-blog-skin-classic\">\n\t\t\t\t\t\t\t\t\t<div class=\"premium-blog-thumb-effect-wrapper\">\n\t\t\t\t\t\t<div class=\"premium-blog-thumbnail-container premium-blog-gray-effect\">\n\t\t\t\t\t\t\t<img fetchpriority=\"high\" decoding=\"async\" width=\"1201\" height=\"1201\" src=\"https:\/\/mepandco.com.ar\/wp-content\/uploads\/2024\/04\/Analisis-de-falla-B4-1.jpg\" class=\"attachment-full size-full wp-image-870\" alt=\"\" srcset=\"https:\/\/mepandco.com.ar\/wp-content\/uploads\/2024\/04\/Analisis-de-falla-B4-1.jpg 1201w, https:\/\/mepandco.com.ar\/wp-content\/uploads\/2024\/04\/Analisis-de-falla-B4-1-300x300.jpg 300w, https:\/\/mepandco.com.ar\/wp-content\/uploads\/2024\/04\/Analisis-de-falla-B4-1-1024x1024.jpg 1024w, https:\/\/mepandco.com.ar\/wp-content\/uploads\/2024\/04\/Analisis-de-falla-B4-1-150x150.jpg 150w, https:\/\/mepandco.com.ar\/wp-content\/uploads\/2024\/04\/Analisis-de-falla-B4-1-768x768.jpg 768w\" sizes=\"(max-width: 1201px) 100vw, 1201px\" \/>\t\t\t\t\t\t<\/div>\n\t\t\t\t\t\t\t\t\t\t\t\t\t<div class=\"premium-blog-thumbnail-overlay\">\n\t\t\t\t\t\t\t\t<a class=\"elementor-icon\" href=\"https:\/\/mepandco.com.ar\/en\/analisis-de-falla-mediante-evaluacion-fractomecanica-de-fractura-de-pata-de-torre-autosoportada-resistencia\/\" target=\"_blank\"><\/a>\n\t\t\t\t\t\t\t<\/div>\n\n\t\t\t\t\t\t\t\t\t\t\t\t\t\t\t\t\t\t<\/div>\n\t\t\t\t\t\t\t\t\t\t\t\t<div class=\"premium-blog-content-wrapper\">\n\n\t\t\t\t\t<div class=\"premium-blog-inner-container\">\n\n\t\t\t\t\t\t\t\t\t\t\t\t\t\t<h2 class=\"premium-blog-entry-title\">\n\t\t\t<a href=\"https:\/\/mepandco.com.ar\/en\/analisis-de-falla-mediante-evaluacion-fractomecanica-de-fractura-de-pata-de-torre-autosoportada-resistencia\/\" target=\"_blank\">\n\t\t\t\tFailure analysis through fracture mechanical evaluation of fracture of self-supporting tower leg \u2013 Resistencia.\t\t\t<\/a>\n\t\t<\/h2>\n\t\t\t\t<div class=\"premium-blog-entry-meta\">\n\t\t\t\n\t\t\t\t\t\t\t<span class=\"premium-blog-meta-separator\">\u2022<\/span>\n\t\t\t\t<div class=\"premium-blog-post-time premium-blog-meta-data\">\n\t\t\t\t\t<i class=\"fa fa-calendar-alt\" aria-hidden=\"true\"><\/i>\n\t\t\t\t\t<span>May 29, 2022<\/span>\n\t\t\t\t<\/div>\n\t\t\t\n\t\t\t\n\t\t\t\t\t<\/div>\n\t\t\n\t\t\t\t\t<\/div>\n\n\t\t\t\t\t\t\t<div class=\"premium-blog-content-inner-wrapper\">\n\t\t<p class=\"premium-blog-post-content\">Failure analysis through fractomechanical evaluation of fracture of self-supporting tower leg \u2013 Strength.<\/p><div class=\"premium-blog-excerpt-link-wrap\"><a href=\"https:\/\/mepandco.com.ar\/en\/analisis-de-falla-mediante-evaluacion-fractomecanica-de-fractura-de-pata-de-torre-autosoportada-resistencia\/\" target=\"_blank\" class=\"premium-blog-excerpt-link elementor-button\">Read more &quot;<\/a><\/div>\t\t<\/div>\n\t\t\t\t\t\t\t\n\t\t\t\t<\/div>\n\t\t\t<\/div>\n\t\t<\/div>\n\n\t\t\t\t<div class=\"premium-blog-post-outer-container\" data-total=\"1\">\n\t\t\t<div class=\"premium-blog-post-container premium-blog-skin-classic\">\n\t\t\t\t\t\t\t\t\t<div class=\"premium-blog-thumb-effect-wrapper\">\n\t\t\t\t\t\t<div class=\"premium-blog-thumbnail-container premium-blog-gray-effect\">\n\t\t\t\t\t\t\t<img decoding=\"async\" width=\"1201\" height=\"1201\" src=\"https:\/\/mepandco.com.ar\/wp-content\/uploads\/2024\/04\/Analisis-de-falla-Rio-Negro-B2.jpg\" class=\"attachment-full size-full wp-image-860\" alt=\"\" srcset=\"https:\/\/mepandco.com.ar\/wp-content\/uploads\/2024\/04\/Analisis-de-falla-Rio-Negro-B2.jpg 1201w, https:\/\/mepandco.com.ar\/wp-content\/uploads\/2024\/04\/Analisis-de-falla-Rio-Negro-B2-300x300.jpg 300w, https:\/\/mepandco.com.ar\/wp-content\/uploads\/2024\/04\/Analisis-de-falla-Rio-Negro-B2-1024x1024.jpg 1024w, https:\/\/mepandco.com.ar\/wp-content\/uploads\/2024\/04\/Analisis-de-falla-Rio-Negro-B2-150x150.jpg 150w, https:\/\/mepandco.com.ar\/wp-content\/uploads\/2024\/04\/Analisis-de-falla-Rio-Negro-B2-768x768.jpg 768w\" sizes=\"(max-width: 1201px) 100vw, 1201px\" \/>\t\t\t\t\t\t<\/div>\n\t\t\t\t\t\t\t\t\t\t\t\t\t<div class=\"premium-blog-thumbnail-overlay\">\n\t\t\t\t\t\t\t\t<a class=\"elementor-icon\" href=\"https:\/\/mepandco.com.ar\/en\/analisis-de-falla-del-sistema-anticorrosivo-en-barras-ancladas-en-suelo-de-torres-de-alta-tension-rio-negro\/\" target=\"_blank\"><\/a>\n\t\t\t\t\t\t\t<\/div>\n\n\t\t\t\t\t\t\t\t\t\t\t\t\t\t\t\t\t\t<\/div>\n\t\t\t\t\t\t\t\t\t\t\t\t<div class=\"premium-blog-content-wrapper\">\n\n\t\t\t\t\t<div class=\"premium-blog-inner-container\">\n\n\t\t\t\t\t\t\t\t\t\t\t\t\t\t<h2 class=\"premium-blog-entry-title\">\n\t\t\t<a href=\"https:\/\/mepandco.com.ar\/en\/analisis-de-falla-del-sistema-anticorrosivo-en-barras-ancladas-en-suelo-de-torres-de-alta-tension-rio-negro\/\" target=\"_blank\">\n\t\t\t\tFailure analysis of the anticorrosive system in bars anchored in the ground of transmission towers \u2013 R\u00edo Negro.\t\t\t<\/a>\n\t\t<\/h2>\n\t\t\t\t<div class=\"premium-blog-entry-meta\">\n\t\t\t\n\t\t\t\t\t\t\t<span class=\"premium-blog-meta-separator\">\u2022<\/span>\n\t\t\t\t<div class=\"premium-blog-post-time premium-blog-meta-data\">\n\t\t\t\t\t<i class=\"fa fa-calendar-alt\" aria-hidden=\"true\"><\/i>\n\t\t\t\t\t<span>August 17, 2011<\/span>\n\t\t\t\t<\/div>\n\t\t\t\n\t\t\t\n\t\t\t\t\t<\/div>\n\t\t\n\t\t\t\t\t<\/div>\n\n\t\t\t\t\t\t\t<div class=\"premium-blog-content-inner-wrapper\">\n\t\t<p class=\"premium-blog-post-content\">An\u00e1lisis de falla del sistema anticorrosivo en barras ancladas en suelo de torres de alta tensi\u00f3n \u2013 R\u00edo Negro.<\/p><div class=\"premium-blog-excerpt-link-wrap\"><a href=\"https:\/\/mepandco.com.ar\/en\/analisis-de-falla-del-sistema-anticorrosivo-en-barras-ancladas-en-suelo-de-torres-de-alta-tension-rio-negro\/\" target=\"_blank\" class=\"premium-blog-excerpt-link elementor-button\">Read more &quot;<\/a><\/div>\t\t<\/div>\n\t\t\t\t\t\t\t\n\t\t\t\t<\/div>\n\t\t\t<\/div>\n\t\t<\/div>\n\n\t\t\t\t<div class=\"premium-blog-post-outer-container\" data-total=\"1\">\n\t\t\t<div class=\"premium-blog-post-container premium-blog-skin-classic\">\n\t\t\t\t\t\t\t\t\t<div class=\"premium-blog-thumb-effect-wrapper\">\n\t\t\t\t\t\t<div class=\"premium-blog-thumbnail-container premium-blog-gray-effect\">\n\t\t\t\t\t\t\t<img decoding=\"async\" width=\"1201\" height=\"1201\" src=\"https:\/\/mepandco.com.ar\/wp-content\/uploads\/2024\/04\/Analisis-de-falla-Rio-Negro-1.jpg\" class=\"attachment-full size-full wp-image-854\" alt=\"\" srcset=\"https:\/\/mepandco.com.ar\/wp-content\/uploads\/2024\/04\/Analisis-de-falla-Rio-Negro-1.jpg 1201w, https:\/\/mepandco.com.ar\/wp-content\/uploads\/2024\/04\/Analisis-de-falla-Rio-Negro-1-300x300.jpg 300w, https:\/\/mepandco.com.ar\/wp-content\/uploads\/2024\/04\/Analisis-de-falla-Rio-Negro-1-1024x1024.jpg 1024w, https:\/\/mepandco.com.ar\/wp-content\/uploads\/2024\/04\/Analisis-de-falla-Rio-Negro-1-150x150.jpg 150w, https:\/\/mepandco.com.ar\/wp-content\/uploads\/2024\/04\/Analisis-de-falla-Rio-Negro-1-768x768.jpg 768w\" sizes=\"(max-width: 1201px) 100vw, 1201px\" \/>\t\t\t\t\t\t<\/div>\n\t\t\t\t\t\t\t\t\t\t\t\t\t<div class=\"premium-blog-thumbnail-overlay\">\n\t\t\t\t\t\t\t\t<a class=\"elementor-icon\" href=\"https:\/\/mepandco.com.ar\/en\/analisis-de-falla-mediante-evaluacion-fractomecanica-de-fractura-fragil-de-componente-de-fundicion-gris-terminal-de-riendas-de-torre-de-alta-tension-rio-negro\/\" target=\"_blank\"><\/a>\n\t\t\t\t\t\t\t<\/div>\n\n\t\t\t\t\t\t\t\t\t\t\t\t\t\t\t\t\t\t<\/div>\n\t\t\t\t\t\t\t\t\t\t\t\t<div class=\"premium-blog-content-wrapper\">\n\n\t\t\t\t\t<div class=\"premium-blog-inner-container\">\n\n\t\t\t\t\t\t\t\t\t\t\t\t\t\t<h2 class=\"premium-blog-entry-title\">\n\t\t\t<a href=\"https:\/\/mepandco.com.ar\/en\/analisis-de-falla-mediante-evaluacion-fractomecanica-de-fractura-fragil-de-componente-de-fundicion-gris-terminal-de-riendas-de-torre-de-alta-tension-rio-negro\/\" target=\"_blank\">\n\t\t\t\tFailure analysis, through fracture mechanical evaluation, of a brittle fracture of a gray cast iron component, terminal cable of a transmission tower \u2013 R\u00edo Negro.\t\t\t<\/a>\n\t\t<\/h2>\n\t\t\t\t<div class=\"premium-blog-entry-meta\">\n\t\t\t\n\t\t\t\t\t\t\t<span class=\"premium-blog-meta-separator\">\u2022<\/span>\n\t\t\t\t<div class=\"premium-blog-post-time premium-blog-meta-data\">\n\t\t\t\t\t<i class=\"fa fa-calendar-alt\" aria-hidden=\"true\"><\/i>\n\t\t\t\t\t<span>April 29, 2011<\/span>\n\t\t\t\t<\/div>\n\t\t\t\n\t\t\t\n\t\t\t\t\t<\/div>\n\t\t\n\t\t\t\t\t<\/div>\n\n\t\t\t\t\t\t\t<div class=\"premium-blog-content-inner-wrapper\">\n\t\t<p class=\"premium-blog-post-content\">An\u00e1lisis de falla, mediante evaluaci\u00f3n fractomec\u00e1nica, de fractura fr\u00e1gil de componente de fundici\u00f3n gris, terminal de riendas de torre de alta tensi\u00f3n \u2013 R\u00edo Negro.<\/p><div class=\"premium-blog-excerpt-link-wrap\"><a href=\"https:\/\/mepandco.com.ar\/en\/analisis-de-falla-mediante-evaluacion-fractomecanica-de-fractura-fragil-de-componente-de-fundicion-gris-terminal-de-riendas-de-torre-de-alta-tension-rio-negro\/\" target=\"_blank\" class=\"premium-blog-excerpt-link elementor-button\">Read more &quot;<\/a><\/div>\t\t<\/div>\n\t\t\t\t\t\t\t\n\t\t\t\t<\/div>\n\t\t\t<\/div>\n\t\t<\/div>\n\n\t\t\t\t\t\t\t<\/div>\n\n\t\t\n\t\t\n\t\t\t\t\t\t<\/div>\n\t\t\t\t<\/div>\n\t\t\t\t\t<\/div>\n\t\t<\/div>\n\t\t\t\t\t<\/div>\n\t\t<\/section>\n\t\t\t\t<section class=\"elementor-section elementor-top-section elementor-element elementor-element-ce9aee8 elementor-section-height-min-height elementor-section-boxed elementor-section-height-default elementor-section-items-middle\" data-id=\"ce9aee8\" data-element_type=\"section\" data-e-type=\"section\" data-settings=\"{&quot;background_background&quot;:&quot;classic&quot;}\">\n\t\t\t\t\t\t<div class=\"elementor-container elementor-column-gap-default\">\n\t\t\t\t\t<div class=\"elementor-column elementor-col-50 elementor-top-column elementor-element elementor-element-7ad2941\" data-id=\"7ad2941\" data-element_type=\"column\" data-e-type=\"column\">\n\t\t\t<div class=\"elementor-widget-wrap elementor-element-populated\">\n\t\t\t\t\t\t<div class=\"elementor-element elementor-element-0e3c737 elementor-widget elementor-widget-heading\" data-id=\"0e3c737\" data-element_type=\"widget\" data-e-type=\"widget\" data-widget_type=\"heading.default\">\n\t\t\t\t<div class=\"elementor-widget-container\">\n\t\t\t\t\t<h2 class=\"elementor-heading-title elementor-size-default\">WE PROVIDE SOLUTIONS<\/h2>\t\t\t\t<\/div>\n\t\t\t\t<\/div>\n\t\t\t\t<div class=\"elementor-element elementor-element-f282450 elementor-widget elementor-widget-text-editor\" data-id=\"f282450\" data-element_type=\"widget\" data-e-type=\"widget\" data-widget_type=\"text-editor.default\">\n\t\t\t\t<div class=\"elementor-widget-container\">\n\t\t\t\t\t\t\t\t\t<p>MEP&amp;Co has more than 25 years of experience in Structural &amp; Forensic Engineering works. Specialized in blueprints and infrastructure projects, we offer expert advice and innovative solutions.<\/p>\t\t\t\t\t\t\t\t<\/div>\n\t\t\t\t<\/div>\n\t\t\t\t\t<\/div>\n\t\t<\/div>\n\t\t\t\t<div class=\"elementor-column elementor-col-50 elementor-top-column elementor-element elementor-element-37500d9\" data-id=\"37500d9\" data-element_type=\"column\" data-e-type=\"column\" data-settings=\"{&quot;background_background&quot;:&quot;classic&quot;}\">\n\t\t\t<div class=\"elementor-widget-wrap elementor-element-populated\">\n\t\t\t\t\t\t<div class=\"elementor-element elementor-element-15a529a elementor-align-right elementor-widget__width-initial elementor-tablet-align-center elementor-mobile-align-center elementor-widget-tablet__width-initial elementor-widget elementor-widget-button\" data-id=\"15a529a\" data-element_type=\"widget\" data-e-type=\"widget\" data-widget_type=\"button.default\">\n\t\t\t\t<div class=\"elementor-widget-container\">\n\t\t\t\t\t\t\t\t\t<div class=\"elementor-button-wrapper\">\n\t\t\t\t\t<a class=\"elementor-button elementor-button-link elementor-size-sm\" href=\"https:\/\/mepandco.com.ar\/en\/contacto\/\">\n\t\t\t\t\t\t<span class=\"elementor-button-content-wrapper\">\n\t\t\t\t\t\t<span class=\"elementor-button-icon\">\n\t\t\t\t<svg aria-hidden=\"true\" class=\"e-font-icon-svg e-fas-long-arrow-alt-right\" viewbox=\"0 0 448 512\" xmlns=\"http:\/\/www.w3.org\/2000\/svg\"><path d=\"M313.941 216H12c-6.627 0-12 5.373-12 12v56c0 6.627 5.373 12 12 12h301.941v46.059c0 21.382 25.851 32.09 40.971 16.971l86.059-86.059c9.373-9.373 9.373-24.569 0-33.941l-86.059-86.059c-15.119-15.119-40.971-4.411-40.971 16.971V216z\"><\/path><\/svg>\t\t\t<\/span>\n\t\t\t\t\t\t\t\t\t<span class=\"elementor-button-text\">CONTACT<\/span>\n\t\t\t\t\t<\/span>\n\t\t\t\t\t<\/a>\n\t\t\t\t<\/div>\n\t\t\t\t\t\t\t\t<\/div>\n\t\t\t\t<\/div>\n\t\t\t\t\t<\/div>\n\t\t<\/div>\n\t\t\t\t\t<\/div>\n\t\t<\/section>\n\t\t\t\t<\/div>","protected":false},"excerpt":{"rendered":"<p>An\u00e1lisis de falla mediante evaluaci\u00f3n fractomec\u00e1nica de fractura de pata de torre autosoportada \u2013 Chaco An\u00e1lisis de falla mediante evaluaci\u00f3n [&hellip;]<\/p>\n","protected":false},"author":1,"featured_media":0,"parent":0,"menu_order":0,"comment_status":"closed","ping_status":"closed","template":"","meta":{"site-sidebar-layout":"no-sidebar","site-content-layout":"","ast-site-content-layout":"full-width-container","site-content-style":"default","site-sidebar-style":"default","ast-global-header-display":"","ast-banner-title-visibility":"","ast-main-header-display":"","ast-hfb-above-header-display":"","ast-hfb-below-header-display":"","ast-hfb-mobile-header-display":"","site-post-title":"disabled","ast-breadcrumbs-content":"","ast-featured-img":"disabled","footer-sml-layout":"","ast-disable-related-posts":"","theme-transparent-header-meta":"","adv-header-id-meta":"","stick-header-meta":"","header-above-stick-meta":"","header-main-stick-meta":"","header-below-stick-meta":"","astra-migrate-meta-layouts":"default","ast-page-background-enabled":"default","ast-page-background-meta":{"desktop":{"background-color":"var(--ast-global-color-4)","background-image":"","background-repeat":"repeat","background-position":"center center","background-size":"auto","background-attachment":"scroll","background-type":"","background-media":"","overlay-type":"","overlay-color":"","overlay-opacity":"","overlay-gradient":""},"tablet":{"background-color":"","background-image":"","background-repeat":"repeat","background-position":"center center","background-size":"auto","background-attachment":"scroll","background-type":"","background-media":"","overlay-type":"","overlay-color":"","overlay-opacity":"","overlay-gradient":""},"mobile":{"background-color":"","background-image":"","background-repeat":"repeat","background-position":"center center","background-size":"auto","background-attachment":"scroll","background-type":"","background-media":"","overlay-type":"","overlay-color":"","overlay-opacity":"","overlay-gradient":""}},"ast-content-background-meta":{"desktop":{"background-color":"var(--ast-global-color-5)","background-image":"","background-repeat":"repeat","background-position":"center center","background-size":"auto","background-attachment":"scroll","background-type":"","background-media":"","overlay-type":"","overlay-color":"","overlay-opacity":"","overlay-gradient":""},"tablet":{"background-color":"var(--ast-global-color-5)","background-image":"","background-repeat":"repeat","background-position":"center center","background-size":"auto","background-attachment":"scroll","background-type":"","background-media":"","overlay-type":"","overlay-color":"","overlay-opacity":"","overlay-gradient":""},"mobile":{"background-color":"var(--ast-global-color-5)","background-image":"","background-repeat":"repeat","background-position":"center center","background-size":"auto","background-attachment":"scroll","background-type":"","background-media":"","overlay-type":"","overlay-color":"","overlay-opacity":"","overlay-gradient":""}},"footnotes":""},"class_list":["post-28","page","type-page","status-publish","hentry"],"aioseo_notices":[],"_links":{"self":[{"href":"https:\/\/mepandco.com.ar\/en\/wp-json\/wp\/v2\/pages\/28","targetHints":{"allow":["GET"]}}],"collection":[{"href":"https:\/\/mepandco.com.ar\/en\/wp-json\/wp\/v2\/pages"}],"about":[{"href":"https:\/\/mepandco.com.ar\/en\/wp-json\/wp\/v2\/types\/page"}],"author":[{"embeddable":true,"href":"https:\/\/mepandco.com.ar\/en\/wp-json\/wp\/v2\/users\/1"}],"replies":[{"embeddable":true,"href":"https:\/\/mepandco.com.ar\/en\/wp-json\/wp\/v2\/comments?post=28"}],"version-history":[{"count":22,"href":"https:\/\/mepandco.com.ar\/en\/wp-json\/wp\/v2\/pages\/28\/revisions"}],"predecessor-version":[{"id":1724,"href":"https:\/\/mepandco.com.ar\/en\/wp-json\/wp\/v2\/pages\/28\/revisions\/1724"}],"wp:attachment":[{"href":"https:\/\/mepandco.com.ar\/en\/wp-json\/wp\/v2\/media?parent=28"}],"curies":[{"name":"wp","href":"https:\/\/api.w.org\/{rel}","templated":true}]}}